{"id":193,"date":"2023-07-31T14:32:41","date_gmt":"2023-07-31T12:32:41","guid":{"rendered":"http:\/\/clinicadentaldrafigueras.com\/?page_id=193"},"modified":"2023-07-31T14:34:30","modified_gmt":"2023-07-31T12:34:30","slug":"politica-de-cookies","status":"publish","type":"page","link":"https:\/\/clinicadentaldrafigueras.com\/en\/politica-de-cookies\/","title":{"rendered":"Cookies policy"},"content":{"rendered":"<div data-elementor-type=\"wp-page\" data-elementor-id=\"193\" class=\"elementor elementor-193\" data-elementor-post-type=\"page\">\n\t\t\t\t\t\t<section class=\"elementor-section elementor-top-section elementor-element elementor-element-b5dd2bf elementor-section-boxed elementor-section-height-default elementor-section-height-default\" data-id=\"b5dd2bf\" data-element_type=\"section\" data-e-type=\"section\" data-settings=\"{&quot;background_background&quot;:&quot;gradient&quot;}\">\n\t\t\t\t\t\t<div class=\"elementor-container elementor-column-gap-default\">\n\t\t\t\t\t<div class=\"elementor-column elementor-col-100 elementor-top-column elementor-element elementor-element-e87297e\" data-id=\"e87297e\" data-element_type=\"column\" data-e-type=\"column\">\n\t\t\t<div class=\"elementor-widget-wrap elementor-element-populated\">\n\t\t\t\t\t\t<div class=\"elementor-element elementor-element-4dee236 elementor-widget elementor-widget-spacer\" data-id=\"4dee236\" data-element_type=\"widget\" data-e-type=\"widget\" data-widget_type=\"spacer.default\">\n\t\t\t\t<div class=\"elementor-widget-container\">\n\t\t\t\t\t\t\t<div class=\"elementor-spacer\">\n\t\t\t<div class=\"elementor-spacer-inner\"><\/div>\n\t\t<\/div>\n\t\t\t\t\t\t<\/div>\n\t\t\t\t<\/div>\n\t\t\t\t\t<\/div>\n\t\t<\/div>\n\t\t\t\t\t<\/div>\n\t\t<\/section>\n\t\t\t\t<section class=\"elementor-section elementor-top-section elementor-element elementor-element-5c0c8ce elementor-section-boxed elementor-section-height-default elementor-section-height-default\" data-id=\"5c0c8ce\" data-element_type=\"section\" data-e-type=\"section\">\n\t\t\t\t\t\t<div class=\"elementor-container elementor-column-gap-default\">\n\t\t\t\t\t<div class=\"elementor-column elementor-col-100 elementor-top-column elementor-element elementor-element-fc48cef\" data-id=\"fc48cef\" data-element_type=\"column\" data-e-type=\"column\">\n\t\t\t<div class=\"elementor-widget-wrap elementor-element-populated\">\n\t\t\t\t\t\t<div class=\"elementor-element elementor-element-bb1f008 elementor-widget elementor-widget-text-editor\" data-id=\"bb1f008\" data-element_type=\"widget\" data-e-type=\"widget\" data-widget_type=\"text-editor.default\">\n\t\t\t\t<div class=\"elementor-widget-container\">\n\t\t\t\t\t\t\t\t\t<h2><strong>Cookies policy<\/strong><\/h2><div class=\"wpb_text_column wpb_content_element\"><div class=\"wpb_wrapper\"><p>Les cookies s\u00f3n petites quantitats d\u2019informaci\u00f3 que s\u2019emmagatzemen en el navegador utilitzat per cada usuari perqu\u00e8 el servidor recordi una certa informaci\u00f3 que posteriorment pugui utilitzar.<\/p><h4><strong>TIPUS DE COOKIES QUE UTILITZEM<\/strong><\/h4><p>Aquesta p\u00e0gina web utilitza cookies de tercers que s\u00f3n aquelles que s\u2019envien al teu ordinador o terminal des d\u2019un domini o una p\u00e0gina web que no \u00e9s gestionada per nosaltres, sin\u00f3 per una altra entitat que tracta les dades obtingudes a trav\u00e9s de les cookies.<\/p><p>En aquest cas les Cookies s\u00f3n utilitzades amb finalitats estad\u00edstics relacionats amb les visites que rep i les p\u00e0gines que es consulten, quedant acceptat el seu \u00fas en navegar per ella.<\/p><p>Si desitja m\u00e9s informaci\u00f3 m\u00e9s sobre els tipus de cookies de seguiment i an\u00e0lisi de dades de Google\u00a0<a href=\"https:\/\/policies.google.com\/technologies\/cookies?hl=es&amp;gl=es#types-of-cookies\" target=\"_blank\" rel=\"noopener\">faci clic aqu\u00ed<\/a>.<\/p><p>Per a informar-se sobre com eliminar les cookies del seu explorador:<\/p><\/div><\/div><div class=\"wpb_text_column wpb_content_element  politicas-text-link\"><div class=\"wpb_wrapper\"><p><strong><a href=\"https:\/\/support.mozilla.org\/es\/kb\/habilitar-y-deshabilitar-cookies-sitios-web-rastrear-preferencias\" target=\"_blank\" rel=\"noopener\">\u2013 Firefox<\/a><\/strong><strong><br \/><a href=\"https:\/\/support.google.com\/chrome\/answer\/95647?hl=es\" target=\"_blank\" rel=\"noopener\">\u2013 Chrome<\/a><\/strong><strong><br \/><a href=\"https:\/\/support.microsoft.com\/es-es\/topic\/eliminar-y-administrar-cookies-168dab11-0753-043d-7c16-ede5947fc64d\" target=\"_blank\" rel=\"noopener\">\u2013 Internet Explorer<\/a><\/strong><strong><br \/><a href=\"https:\/\/support.apple.com\/kb\/PH19214?viewlocale=es_ES&amp;locale=es_ES\" target=\"_blank\" rel=\"noopener\">\u2013 Safari<\/a><\/strong><br \/><a href=\"https:\/\/www.allaboutcookies.org\/es\/administrar-las-cookies\/opera.html\" target=\"_blank\" rel=\"noopener\"><strong>\u2013 Opera<\/strong><\/a><\/p><\/div><\/div>\t\t\t\t\t\t\t\t<\/div>\n\t\t\t\t<\/div>\n\t\t\t\t\t<\/div>\n\t\t<\/div>\n\t\t\t\t\t<\/div>\n\t\t<\/section>\n\t\t\t\t<\/div>","protected":false},"excerpt":{"rendered":"<p>Pol\u00edtica de cookies Les cookies s\u00f3n petites quantitats d\u2019informaci\u00f3 que s\u2019emmagatzemen en el navegador utilitzat per cada usuari perqu\u00e8 el servidor recordi una certa informaci\u00f3 que posteriorment pugui utilitzar. TIPUS DE COOKIES QUE UTILITZEM Aquesta p\u00e0gina web utilitza cookies de tercers que s\u00f3n aquelles que s\u2019envien al teu ordinador o terminal des d\u2019un domini o [&hellip;]<\/p>\n","protected":false},"author":1,"featured_media":0,"parent":0,"menu_order":0,"comment_status":"closed","ping_status":"closed","template":"","meta":{"footnotes":""},"class_list":["post-193","page","type-page","status-publish","hentry"],"_links":{"self":[{"href":"https:\/\/clinicadentaldrafigueras.com\/en\/wp-json\/wp\/v2\/pages\/193","targetHints":{"allow":["GET"]}}],"collection":[{"href":"https:\/\/clinicadentaldrafigueras.com\/en\/wp-json\/wp\/v2\/pages"}],"about":[{"href":"https:\/\/clinicadentaldrafigueras.com\/en\/wp-json\/wp\/v2\/types\/page"}],"author":[{"embeddable":true,"href":"https:\/\/clinicadentaldrafigueras.com\/en\/wp-json\/wp\/v2\/users\/1"}],"replies":[{"embeddable":true,"href":"https:\/\/clinicadentaldrafigueras.com\/en\/wp-json\/wp\/v2\/comments?post=193"}],"version-history":[{"count":4,"href":"https:\/\/clinicadentaldrafigueras.com\/en\/wp-json\/wp\/v2\/pages\/193\/revisions"}],"predecessor-version":[{"id":197,"href":"https:\/\/clinicadentaldrafigueras.com\/en\/wp-json\/wp\/v2\/pages\/193\/revisions\/197"}],"wp:attachment":[{"href":"https:\/\/clinicadentaldrafigueras.com\/en\/wp-json\/wp\/v2\/media?parent=193"}],"curies":[{"name":"wp","href":"https:\/\/api.w.org\/{rel}","templated":true}]}}