{"id":15,"date":"2023-07-21T10:48:28","date_gmt":"2023-07-21T08:48:28","guid":{"rendered":"http:\/\/clinicadentaldrafigueras.com\/?page_id=15"},"modified":"2024-11-18T13:38:39","modified_gmt":"2024-11-18T12:38:39","slug":"nosaltres","status":"publish","type":"page","link":"https:\/\/clinicadentaldrafigueras.com\/es\/nosaltres\/","title":{"rendered":"nosotros"},"content":{"rendered":"\t\t<div data-elementor-type=\"wp-page\" data-elementor-id=\"15\" class=\"elementor elementor-15\" data-elementor-post-type=\"page\">\n\t\t\t\t\t\t<section class=\"elementor-section elementor-top-section elementor-element elementor-element-5082c3d elementor-section-full_width animated-slow elementor-section-height-default elementor-section-height-default elementor-invisible\" data-id=\"5082c3d\" data-element_type=\"section\" data-e-type=\"section\" data-settings=\"{&quot;background_background&quot;:&quot;classic&quot;,&quot;animation&quot;:&quot;fadeIn&quot;}\">\n\t\t\t\t\t\t\t<div class=\"elementor-background-overlay\"><\/div>\n\t\t\t\t\t\t\t<div class=\"elementor-container elementor-column-gap-default\">\n\t\t\t\t\t<div class=\"elementor-column elementor-col-100 elementor-top-column elementor-element elementor-element-30124bd\" data-id=\"30124bd\" data-element_type=\"column\" data-e-type=\"column\">\n\t\t\t<div class=\"elementor-widget-wrap elementor-element-populated\">\n\t\t\t\t\t\t<div class=\"elementor-element elementor-element-ad80048 elementor-widget elementor-widget-spacer\" data-id=\"ad80048\" data-element_type=\"widget\" data-e-type=\"widget\" data-widget_type=\"spacer.default\">\n\t\t\t\t<div class=\"elementor-widget-container\">\n\t\t\t\t\t\t\t<div class=\"elementor-spacer\">\n\t\t\t<div class=\"elementor-spacer-inner\"><\/div>\n\t\t<\/div>\n\t\t\t\t\t\t<\/div>\n\t\t\t\t<\/div>\n\t\t\t\t<div class=\"elementor-element elementor-element-513cd21 elementor-grid-1 e-grid-align-right elementor-shape-rounded elementor-widget elementor-widget-social-icons\" data-id=\"513cd21\" data-element_type=\"widget\" data-e-type=\"widget\" data-widget_type=\"social-icons.default\">\n\t\t\t\t<div class=\"elementor-widget-container\">\n\t\t\t\t\t\t\t<div class=\"elementor-social-icons-wrapper elementor-grid\">\n\t\t\t\t\t\t\t<span class=\"elementor-grid-item\">\n\t\t\t\t\t<a class=\"elementor-icon elementor-social-icon elementor-social-icon-instagram elementor-repeater-item-6782454\" href=\"https:\/\/www.instagram.com\/dentaldrafigueras\/\" target=\"_blank\" rel=\"noopener\">\n\t\t\t\t\t\t<span class=\"elementor-screen-only\">Instagram<\/span>\n\t\t\t\t\t\t<i aria-hidden=\"true\" class=\"fab fa-instagram\"><\/i>\t\t\t\t\t<\/a>\n\t\t\t\t<\/span>\n\t\t\t\t\t<\/div>\n\t\t\t\t\t\t<\/div>\n\t\t\t\t<\/div>\n\t\t\t\t<div class=\"elementor-element elementor-element-3f296eb elementor-widget elementor-widget-spacer\" data-id=\"3f296eb\" data-element_type=\"widget\" data-e-type=\"widget\" data-widget_type=\"spacer.default\">\n\t\t\t\t<div class=\"elementor-widget-container\">\n\t\t\t\t\t\t\t<div class=\"elementor-spacer\">\n\t\t\t<div class=\"elementor-spacer-inner\"><\/div>\n\t\t<\/div>\n\t\t\t\t\t\t<\/div>\n\t\t\t\t<\/div>\n\t\t\t\t\t<\/div>\n\t\t<\/div>\n\t\t\t\t\t<\/div>\n\t\t<\/section>\n\t\t\t\t<section class=\"elementor-section elementor-top-section elementor-element elementor-element-630d7ce elementor-section-full_width elementor-section-height-default elementor-section-height-default elementor-invisible\" data-id=\"630d7ce\" data-element_type=\"section\" data-e-type=\"section\" data-settings=\"{&quot;animation&quot;:&quot;fadeIn&quot;}\">\n\t\t\t\t\t\t<div class=\"elementor-container elementor-column-gap-default\">\n\t\t\t\t\t<div class=\"elementor-column elementor-col-50 elementor-top-column elementor-element elementor-element-0979c66\" data-id=\"0979c66\" data-element_type=\"column\" data-e-type=\"column\">\n\t\t\t<div class=\"elementor-widget-wrap elementor-element-populated\">\n\t\t\t\t\t\t<div class=\"elementor-element elementor-element-3051b76 elementor-widget elementor-widget-heading\" data-id=\"3051b76\" data-element_type=\"widget\" data-e-type=\"widget\" data-widget_type=\"heading.default\">\n\t\t\t\t<div class=\"elementor-widget-container\">\n\t\t\t\t\t<h2 class=\"elementor-heading-title elementor-size-default\">La nostra filosofia: odontologia slow<\/h2>\t\t\t\t<\/div>\n\t\t\t\t<\/div>\n\t\t\t\t<div class=\"elementor-element elementor-element-5f7526d elementor-widget elementor-widget-heading\" data-id=\"5f7526d\" data-element_type=\"widget\" data-e-type=\"widget\" data-widget_type=\"heading.default\">\n\t\t\t\t<div class=\"elementor-widget-container\">\n\t\t\t\t\t<h3 class=\"elementor-heading-title elementor-size-default\">Un servei personalitzat amb la millor tecnologia i professionals amb anys d'experi\u00e8ncia\n<\/h3>\t\t\t\t<\/div>\n\t\t\t\t<\/div>\n\t\t\t\t<div class=\"elementor-element elementor-element-2703922 elementor-widget elementor-widget-text-editor\" data-id=\"2703922\" data-element_type=\"widget\" data-e-type=\"widget\" data-widget_type=\"text-editor.default\">\n\t\t\t\t<div class=\"elementor-widget-container\">\n\t\t\t\t\t\t\t\t\t<p>Apliquem un treball odontol\u00f2gic slow. Aquest concepte es centra a oferir la millor experi\u00e8ncia als nostres pacients i prioritza la qualitat per obtenir els millors resultats. Establim un vincle de reciprocitat entre el professional i el pacient, fonamentat en la prevenci\u00f3, els principis de l\u2019odontologia slow i la tecnologia.<\/p><p>Utilitzem eines audiovisuals per fer entendre de manera senzilla quin \u00e9s el problema dental que hi ha, quin tractament s\u2019ha d\u2019aplicar en cada cas i el perqu\u00e8. Aquest \u00e9s el nostre pilar per comen\u00e7ar la teva rehabilitaci\u00f3, amb il\u00b7lusi\u00f3 i voluntat d\u2019oferir un servei d\u2019odontologia de qualitat i proper, va n\u00e8ixer la cl\u00ednica que porta el meu nom. Aquesta vocaci\u00f3, i la constant especialitzaci\u00f3, m\u2019han fet envoltar d\u2019un equip de professionals experts en les diferents branques de l\u2019odontologia.<\/p><p>Avui la cl\u00ednica disposa de les \u00faltimes tecnologies en cada especialitat i de les eines m\u00e9s avan\u00e7ades. La <strong>filosofia odontologia slow i el tracte personalitzat<\/strong> s\u00f3n el nostre dia a dia. L\u2019equip m\u00e8dic escoltar\u00e0 les teves necessitats per oferir-te el millor tractament per a la teva salut dental.<\/p>\t\t\t\t\t\t\t\t<\/div>\n\t\t\t\t<\/div>\n\t\t\t\t<div class=\"elementor-element elementor-element-135716c elementor-invisible elementor-widget elementor-widget-button\" data-id=\"135716c\" data-element_type=\"widget\" data-e-type=\"widget\" data-settings=\"{&quot;_animation&quot;:&quot;fadeInLeft&quot;,&quot;_animation_delay&quot;:550}\" data-widget_type=\"button.default\">\n\t\t\t\t<div class=\"elementor-widget-container\">\n\t\t\t\t\t\t\t\t\t<div class=\"elementor-button-wrapper\">\n\t\t\t\t\t<a class=\"elementor-button elementor-button-link elementor-size-sm elementor-animation-grow\" href=\"\/especialitats-odontologia\">\n\t\t\t\t\t\t<span class=\"elementor-button-content-wrapper\">\n\t\t\t\t\t\t\t\t\t<span class=\"elementor-button-text\">ESPECIALITATS<\/span>\n\t\t\t\t\t<\/span>\n\t\t\t\t\t<\/a>\n\t\t\t\t<\/div>\n\t\t\t\t\t\t\t\t<\/div>\n\t\t\t\t<\/div>\n\t\t\t\t\t<\/div>\n\t\t<\/div>\n\t\t\t\t<div class=\"elementor-column elementor-col-50 elementor-top-column elementor-element elementor-element-ed229fb\" data-id=\"ed229fb\" data-element_type=\"column\" data-e-type=\"column\">\n\t\t\t<div class=\"elementor-widget-wrap elementor-element-populated\">\n\t\t\t\t\t\t<div class=\"elementor-element elementor-element-3af7796 elementor-widget__width-initial elementor-widget-tablet__width-initial animated-slow elementor-invisible elementor-widget elementor-widget-image\" data-id=\"3af7796\" data-element_type=\"widget\" data-e-type=\"widget\" data-settings=\"{&quot;_animation&quot;:&quot;fadeIn&quot;}\" data-widget_type=\"image.default\">\n\t\t\t\t<div class=\"elementor-widget-container\">\n\t\t\t\t\t\t\t\t\t\t\t\t\t\t\t<img fetchpriority=\"high\" decoding=\"async\" width=\"800\" height=\"534\" src=\"https:\/\/clinicadentaldrafigueras.com\/wp-content\/uploads\/2023\/07\/Clinicia-dra-figueras-especialitats-web-1024x683.jpeg\" class=\"attachment-large size-large wp-image-177\" alt=\"Clinica dental dra figueras Odontologia slow\" srcset=\"https:\/\/clinicadentaldrafigueras.com\/wp-content\/uploads\/2023\/07\/Clinicia-dra-figueras-especialitats-web-1024x683.jpeg 1024w, https:\/\/clinicadentaldrafigueras.com\/wp-content\/uploads\/2023\/07\/Clinicia-dra-figueras-especialitats-web-300x200.jpeg 300w, https:\/\/clinicadentaldrafigueras.com\/wp-content\/uploads\/2023\/07\/Clinicia-dra-figueras-especialitats-web-768x512.jpeg 768w, https:\/\/clinicadentaldrafigueras.com\/wp-content\/uploads\/2023\/07\/Clinicia-dra-figueras-especialitats-web-18x12.jpeg 18w, https:\/\/clinicadentaldrafigueras.com\/wp-content\/uploads\/2023\/07\/Clinicia-dra-figueras-especialitats-web.jpeg 1500w\" sizes=\"(max-width: 800px) 100vw, 800px\" \/>\t\t\t\t\t\t\t\t\t\t\t\t\t\t\t<\/div>\n\t\t\t\t<\/div>\n\t\t\t\t<div class=\"elementor-element elementor-element-316effe elementor-widget__width-initial elementor-widget-tablet__width-initial animated-slow elementor-invisible elementor-widget elementor-widget-image\" data-id=\"316effe\" data-element_type=\"widget\" data-e-type=\"widget\" data-settings=\"{&quot;_animation&quot;:&quot;fadeIn&quot;}\" data-widget_type=\"image.default\">\n\t\t\t\t<div class=\"elementor-widget-container\">\n\t\t\t\t\t\t\t\t\t\t\t\t\t\t\t<img decoding=\"async\" width=\"800\" height=\"534\" src=\"https:\/\/clinicadentaldrafigueras.com\/wp-content\/uploads\/2023\/07\/Clinicia-dra-figueras-clinica-nosaltres-7-1024x683-1.jpeg\" class=\"attachment-large size-large wp-image-176\" alt=\"odontologia slow\" srcset=\"https:\/\/clinicadentaldrafigueras.com\/wp-content\/uploads\/2023\/07\/Clinicia-dra-figueras-clinica-nosaltres-7-1024x683-1.jpeg 1024w, https:\/\/clinicadentaldrafigueras.com\/wp-content\/uploads\/2023\/07\/Clinicia-dra-figueras-clinica-nosaltres-7-1024x683-1-300x200.jpeg 300w, https:\/\/clinicadentaldrafigueras.com\/wp-content\/uploads\/2023\/07\/Clinicia-dra-figueras-clinica-nosaltres-7-1024x683-1-768x512.jpeg 768w, https:\/\/clinicadentaldrafigueras.com\/wp-content\/uploads\/2023\/07\/Clinicia-dra-figueras-clinica-nosaltres-7-1024x683-1-18x12.jpeg 18w\" sizes=\"(max-width: 800px) 100vw, 800px\" \/>\t\t\t\t\t\t\t\t\t\t\t\t\t\t\t<\/div>\n\t\t\t\t<\/div>\n\t\t\t\t<div class=\"elementor-element elementor-element-2b8dc8b elementor-widget elementor-widget-image\" data-id=\"2b8dc8b\" data-element_type=\"widget\" data-e-type=\"widget\" data-settings=\"{&quot;motion_fx_motion_fx_scrolling&quot;:&quot;yes&quot;,&quot;motion_fx_translateY_effect&quot;:&quot;yes&quot;,&quot;motion_fx_translateY_speed&quot;:{&quot;unit&quot;:&quot;px&quot;,&quot;size&quot;:2.2,&quot;sizes&quot;:[]},&quot;motion_fx_translateY_affectedRange&quot;:{&quot;unit&quot;:&quot;%&quot;,&quot;size&quot;:&quot;&quot;,&quot;sizes&quot;:{&quot;start&quot;:0,&quot;end&quot;:100}},&quot;motion_fx_devices&quot;:[&quot;desktop&quot;,&quot;tablet&quot;,&quot;mobile&quot;]}\" data-widget_type=\"image.default\">\n\t\t\t\t<div class=\"elementor-widget-container\">\n\t\t\t\t\t\t\t\t\t\t\t\t\t\t\t<img decoding=\"async\" width=\"1\" height=\"1\" src=\"https:\/\/clinicadentaldrafigueras.com\/wp-content\/uploads\/2023\/07\/logo-dra-fig-04.svg\" class=\"attachment-large size-large wp-image-52\" alt=\"Cl\u00ednica dental Dra. Sandra Figueras logo 2\" \/>\t\t\t\t\t\t\t\t\t\t\t\t\t\t\t<\/div>\n\t\t\t\t<\/div>\n\t\t\t\t\t<\/div>\n\t\t<\/div>\n\t\t\t\t\t<\/div>\n\t\t<\/section>\n\t\t\t\t<section class=\"elementor-section elementor-top-section elementor-element elementor-element-09eca46 elementor-section-boxed elementor-section-height-default elementor-section-height-default elementor-invisible\" data-id=\"09eca46\" data-element_type=\"section\" data-e-type=\"section\" data-settings=\"{&quot;background_background&quot;:&quot;classic&quot;,&quot;animation&quot;:&quot;fadeIn&quot;}\">\n\t\t\t\t\t\t<div class=\"elementor-container elementor-column-gap-default\">\n\t\t\t\t\t<div class=\"elementor-column elementor-col-100 elementor-top-column elementor-element elementor-element-924f0fc\" data-id=\"924f0fc\" data-element_type=\"column\" data-e-type=\"column\">\n\t\t\t<div class=\"elementor-widget-wrap elementor-element-populated\">\n\t\t\t\t\t\t<div class=\"elementor-element elementor-element-b84032f elementor-widget elementor-widget-spacer\" data-id=\"b84032f\" data-element_type=\"widget\" data-e-type=\"widget\" data-widget_type=\"spacer.default\">\n\t\t\t\t<div class=\"elementor-widget-container\">\n\t\t\t\t\t\t\t<div class=\"elementor-spacer\">\n\t\t\t<div class=\"elementor-spacer-inner\"><\/div>\n\t\t<\/div>\n\t\t\t\t\t\t<\/div>\n\t\t\t\t<\/div>\n\t\t\t\t\t<\/div>\n\t\t<\/div>\n\t\t\t\t\t<\/div>\n\t\t<\/section>\n\t\t\t\t<\/div>\n\t\t","protected":false},"excerpt":{"rendered":"<p>Instagram La nostra filosofia: odontologia slow Un servei personalitzat amb la millor tecnologia i professionals amb anys d&#8217;experi\u00e8ncia Apliquem un treball odontol\u00f2gic slow. Aquest concepte es centra a oferir la millor experi\u00e8ncia als nostres pacients i prioritza la qualitat per obtenir els millors resultats. Establim un vincle de reciprocitat entre el professional i el pacient, [&hellip;]<\/p>\n","protected":false},"author":1,"featured_media":155,"parent":0,"menu_order":0,"comment_status":"closed","ping_status":"closed","template":"","meta":{"footnotes":""},"class_list":["post-15","page","type-page","status-publish","has-post-thumbnail","hentry"],"_links":{"self":[{"href":"https:\/\/clinicadentaldrafigueras.com\/es\/wp-json\/wp\/v2\/pages\/15","targetHints":{"allow":["GET"]}}],"collection":[{"href":"https:\/\/clinicadentaldrafigueras.com\/es\/wp-json\/wp\/v2\/pages"}],"about":[{"href":"https:\/\/clinicadentaldrafigueras.com\/es\/wp-json\/wp\/v2\/types\/page"}],"author":[{"embeddable":true,"href":"https:\/\/clinicadentaldrafigueras.com\/es\/wp-json\/wp\/v2\/users\/1"}],"replies":[{"embeddable":true,"href":"https:\/\/clinicadentaldrafigueras.com\/es\/wp-json\/wp\/v2\/comments?post=15"}],"version-history":[{"count":39,"href":"https:\/\/clinicadentaldrafigueras.com\/es\/wp-json\/wp\/v2\/pages\/15\/revisions"}],"predecessor-version":[{"id":400,"href":"https:\/\/clinicadentaldrafigueras.com\/es\/wp-json\/wp\/v2\/pages\/15\/revisions\/400"}],"wp:featuredmedia":[{"embeddable":true,"href":"https:\/\/clinicadentaldrafigueras.com\/es\/wp-json\/wp\/v2\/media\/155"}],"wp:attachment":[{"href":"https:\/\/clinicadentaldrafigueras.com\/es\/wp-json\/wp\/v2\/media?parent=15"}],"curies":[{"name":"wp","href":"https:\/\/api.w.org\/{rel}","templated":true}]}}